{"id":47,"date":"2020-08-11T20:02:58","date_gmt":"2020-08-11T23:02:58","guid":{"rendered":"https:\/\/www.casadapazumuarama.org.br\/site\/?page_id=47"},"modified":"2025-09-17T15:36:01","modified_gmt":"2025-09-17T18:36:01","slug":"faca-uma-doacao","status":"publish","type":"page","link":"https:\/\/casadapazumuarama.org.br\/site\/?page_id=47","title":{"rendered":"Doa\u00e7\u00e3o"},"content":{"rendered":"\n<p><strong>\u201cDeve-se doar com a alma livre, simples, apenas por amor, espontaneamente!\u201d<\/strong> &#8211; <em>Martinho Lutero<\/em><\/p>\n\n\n\n<figure class=\"wp-block-image size-large is-style-default\"><img loading=\"lazy\" decoding=\"async\" width=\"1024\" height=\"1024\" src=\"https:\/\/casadapazumuarama.org.br\/site\/wp-content\/uploads\/2024\/08\/Design-sem-nome-7-3-1024x1024.png\" alt=\"\" class=\"wp-image-1635\" srcset=\"https:\/\/casadapazumuarama.org.br\/site\/wp-content\/uploads\/2024\/08\/Design-sem-nome-7-3-1024x1024.png 1024w, https:\/\/casadapazumuarama.org.br\/site\/wp-content\/uploads\/2024\/08\/Design-sem-nome-7-3-300x300.png 300w, https:\/\/casadapazumuarama.org.br\/site\/wp-content\/uploads\/2024\/08\/Design-sem-nome-7-3-150x150.png 150w, https:\/\/casadapazumuarama.org.br\/site\/wp-content\/uploads\/2024\/08\/Design-sem-nome-7-3-768x768.png 768w, https:\/\/casadapazumuarama.org.br\/site\/wp-content\/uploads\/2024\/08\/Design-sem-nome-7-3.png 1080w\" sizes=\"auto, (max-width: 1024px) 100vw, 1024px\" \/><\/figure>\n\n\n\n<p>Voc\u00ea pode ajudar a Casa da Paz com sua doa\u00e7\u00e3o por dep\u00f3sito ou transfer\u00eancia banc\u00e1ria. Contribua com qualquer valor para:<\/p>\n\n\n\n<ul class=\"wp-block-list\"><li><strong>Banco:<\/strong> SICOOB (756)<\/li><li><strong>Ag\u00eancia:<\/strong> 4379<\/li><li><strong>Conta Corrente:<\/strong> 4586-1<\/li><li><strong>CNPJ:<\/strong> 05.509.404\/0001-29<\/li><li><strong>Titular:<\/strong> Associa\u00e7\u00e3o Assistencial e Promocional Casa da Paz<\/li><\/ul>\n\n\n\n<p>Ou fa\u00e7a sua doa\u00e7\u00e3o atrav\u00e9s do nosso <strong>PIX<\/strong>:<\/p>\n\n\n\n<ul class=\"wp-block-list\"><li><strong>Chave PIX:<\/strong> 05.509.404\/0001-29<\/li><\/ul>\n\n\n\n<p><strong>Participe do Programa Adote um Aluno:<\/strong><\/p>\n\n\n\n<p>Voc\u00ea tamb\u00e9m pode se cadastrar para participar do nosso programa &#8220;Adote um Aluno&#8221;. Entre em contato para mais detalhes sobre como fazer parte dessa iniciativa e apoiar diretamente o desenvolvimento de nossos jovens.<\/p>\n","protected":false},"excerpt":{"rendered":"<p>\u201cDeve-se doar com a alma livre, simples, apenas por amor, espontaneamente!\u201d &#8211; Martinho Lutero Voc\u00ea pode ajudar a Casa da Paz com sua doa\u00e7\u00e3o por dep\u00f3sito ou transfer\u00eancia banc\u00e1ria. Contribua com qualquer valor para: Banco: SICOOB (756) Ag\u00eancia: 4379 Conta Corrente: 4586-1 CNPJ: 05.509.404\/0001-29 Titular: Associa\u00e7\u00e3o Assistencial e Promocional Casa<a class=\"moretag\" href=\"https:\/\/casadapazumuarama.org.br\/site\/?page_id=47\"> Continue a ler<\/a><\/p>\n","protected":false},"author":1,"featured_media":1318,"parent":0,"menu_order":0,"comment_status":"closed","ping_status":"closed","template":"","meta":{"footnotes":""},"class_list":["post-47","page","type-page","status-publish","has-post-thumbnail","hentry"],"_links":{"self":[{"href":"https:\/\/casadapazumuarama.org.br\/site\/index.php?rest_route=\/wp\/v2\/pages\/47","targetHints":{"allow":["GET"]}}],"collection":[{"href":"https:\/\/casadapazumuarama.org.br\/site\/index.php?rest_route=\/wp\/v2\/pages"}],"about":[{"href":"https:\/\/casadapazumuarama.org.br\/site\/index.php?rest_route=\/wp\/v2\/types\/page"}],"author":[{"embeddable":true,"href":"https:\/\/casadapazumuarama.org.br\/site\/index.php?rest_route=\/wp\/v2\/users\/1"}],"replies":[{"embeddable":true,"href":"https:\/\/casadapazumuarama.org.br\/site\/index.php?rest_route=%2Fwp%2Fv2%2Fcomments&post=47"}],"version-history":[{"count":26,"href":"https:\/\/casadapazumuarama.org.br\/site\/index.php?rest_route=\/wp\/v2\/pages\/47\/revisions"}],"predecessor-version":[{"id":1639,"href":"https:\/\/casadapazumuarama.org.br\/site\/index.php?rest_route=\/wp\/v2\/pages\/47\/revisions\/1639"}],"wp:featuredmedia":[{"embeddable":true,"href":"https:\/\/casadapazumuarama.org.br\/site\/index.php?rest_route=\/wp\/v2\/media\/1318"}],"wp:attachment":[{"href":"https:\/\/casadapazumuarama.org.br\/site\/index.php?rest_route=%2Fwp%2Fv2%2Fmedia&parent=47"}],"curies":[{"name":"wp","href":"https:\/\/api.w.org\/{rel}","templated":true}]}}