{"id":2,"date":"2020-07-01T10:02:34","date_gmt":"2020-07-01T13:02:34","guid":{"rendered":"https:\/\/www.casadapazumuarama.org.br\/site\/?page_id=2"},"modified":"2024-08-05T11:58:38","modified_gmt":"2024-08-05T14:58:38","slug":"pagina-exemplo","status":"publish","type":"page","link":"https:\/\/casadapazumuarama.org.br\/site\/?page_id=2","title":{"rendered":"Bazar"},"content":{"rendered":"\n<p class=\"has-text-color has-background has-black-color has-accent-background-color\">A Casa da Paz organiza um <strong>Bazar Permanente Beneficente<\/strong> como uma das formas de arrecadar fundos para apoiar nossos programas e servi\u00e7os. Em nosso bazar, voc\u00ea encontrar\u00e1 uma variedade de itens novos e usados, incluindo roupas, acess\u00f3rios, livros, brinquedos e muito mais, tudo a pre\u00e7os acess\u00edveis.<\/p>\n\n\n\n<h3 class=\"has-background-color-color has-text-color wp-block-heading\"><strong>Como Funciona:<\/strong><\/h3>\n\n\n\n<ul class=\"wp-block-list\"><li><strong>Localiza\u00e7\u00e3o:<\/strong> O bazar est\u00e1 localizado na Av. Rio de Janeiro, 4453, Zona II e est\u00e1 aberto ao p\u00fablico de ter\u00e7a a sexta das 8 \u00e0s 17h e no s\u00e1bado das 8 \u00e0s 12h..<\/li><li><strong>Doa\u00e7\u00f5es:<\/strong> Aceitamos doa\u00e7\u00f5es de itens em bom estado para revenda no bazar. Se voc\u00ea deseja contribuir, entre em contato conosco para agendar a entrega.<\/li><li><strong>Voluntariado:<\/strong> Contamos com o apoio de volunt\u00e1rios para ajudar na organiza\u00e7\u00e3o e opera\u00e7\u00e3o do bazar. Se voc\u00ea gostaria de se envolver, ficaremos felizes em receb\u00ea-lo em nossa equipe.<\/li><\/ul>\n\n\n\n<h3 class=\"has-background-color-color has-text-color wp-block-heading\"><strong>Benef\u00edcios:<\/strong><\/h3>\n\n\n\n<ul class=\"wp-block-list\"><li><strong>Para a Comunidade:<\/strong> O bazar oferece uma maneira de adquirir itens de qualidade a pre\u00e7os acess\u00edveis, promovendo a sustentabilidade e o consumo consciente.<\/li><li><strong>Para a Casa da Paz:<\/strong> Todos os recursos arrecadados no bazar s\u00e3o destinados diretamente aos nossos programas de apoio a crian\u00e7as e adolescentes, contribuindo para a melhoria de suas vidas e o fortalecimento de nossos servi\u00e7os.<\/li><\/ul>\n\n\n\n<p class=\"has-text-color has-background has-black-color has-accent-background-color\"><strong>Visite Nosso Bazar:<\/strong> Sua participa\u00e7\u00e3o e apoio s\u00e3o fundamentais para o sucesso do nosso bazar. Venha nos visitar, fa\u00e7a compras, doe itens ou ofere\u00e7a seu tempo como volunt\u00e1rio. Cada a\u00e7\u00e3o ajuda a fazer a diferen\u00e7a na vida das crian\u00e7as e adolescentes atendidos pela Casa da Paz.<\/p>\n\n\n\n<p class=\"has-text-align-center\"><strong><span class=\"has-inline-color has-accent-color\">Casa da Paz realiza 3\u00aa edi\u00e7\u00e3o do Bazar de Garagem no pr\u00f3ximo dia <\/span>06\/03\/2024<\/strong><\/p>\n\n\n\n<figure class=\"wp-block-image size-full\"><img loading=\"lazy\" decoding=\"async\" width=\"598\" height=\"382\" src=\"https:\/\/casadapazumuarama.org.br\/site\/wp-content\/uploads\/2024\/03\/Bazar1.jpg\" alt=\"\" class=\"wp-image-1420\" srcset=\"https:\/\/casadapazumuarama.org.br\/site\/wp-content\/uploads\/2024\/03\/Bazar1.jpg 598w, https:\/\/casadapazumuarama.org.br\/site\/wp-content\/uploads\/2024\/03\/Bazar1-300x192.jpg 300w\" sizes=\"auto, (max-width: 598px) 100vw, 598px\" \/><\/figure>\n\n\n\n<figure class=\"wp-block-embed-wordpress wp-block-embed is-type-wp-embed is-provider-obemdito-portal-de-noticias-de-umuarama\"><div class=\"wp-block-embed__wrapper\">\n<blockquote class=\"wp-embedded-content\" data-secret=\"WuSozPwLK3\"><a href=\"https:\/\/obemdito.com.br\/noticia\/52535\/tutores-pedem-ajuda-para-encontrar-cachorra-que-sumiu-perto-do-colegio-adventista\">Tutores pedem ajuda para encontrar cachorra que sumiu perto do Col\u00e9gio Adventista<\/a><\/blockquote><iframe loading=\"lazy\" class=\"wp-embedded-content\" sandbox=\"allow-scripts\" security=\"restricted\" style=\"position: absolute; clip: rect(1px, 1px, 1px, 1px);\" title=\"&#8220;Tutores pedem ajuda para encontrar cachorra que sumiu perto do Col\u00e9gio Adventista&#8221; &#8212; OBemdito - Portal de not\u00edcias de Umuarama\" src=\"https:\/\/obemdito.com.br\/noticia\/52535\/tutores-pedem-ajuda-para-encontrar-cachorra-que-sumiu-perto-do-colegio-adventista\/embed#?secret=9ejmFwLIg7#?secret=WuSozPwLK3\" data-secret=\"WuSozPwLK3\" width=\"600\" height=\"338\" frameborder=\"0\" marginwidth=\"0\" marginheight=\"0\" scrolling=\"no\"><\/iframe>\n<\/div><figcaption>Acesse a reportagem completa no site de Obemdito<\/figcaption><\/figure>\n\n\n\n<p class=\"has-text-align-center\"><strong><span class=\"has-inline-color has-accent-color\">Bazar Solid\u00e1rio<\/span><\/strong><\/p>\n\n\n\n<figure class=\"wp-block-gallery columns-3 is-cropped wp-block-gallery-1 is-layout-flex wp-block-gallery-is-layout-flex\"><ul class=\"blocks-gallery-grid\"><li class=\"blocks-gallery-item\"><figure><img loading=\"lazy\" decoding=\"async\" width=\"768\" height=\"1024\" src=\"https:\/\/www.casadapazumuarama.org.br\/site\/wp-content\/uploads\/2022\/06\/60c5b4e0-9a23-4973-8eff-9df9bc9c0053-768x1024.jpg\" alt=\"\" data-id=\"698\" data-full-url=\"https:\/\/www.casadapazumuarama.org.br\/site\/wp-content\/uploads\/2022\/06\/60c5b4e0-9a23-4973-8eff-9df9bc9c0053.jpg\" data-link=\"https:\/\/www.casadapazumuarama.org.br\/site\/?attachment_id=698\" class=\"wp-image-698\" srcset=\"https:\/\/casadapazumuarama.org.br\/site\/wp-content\/uploads\/2022\/06\/60c5b4e0-9a23-4973-8eff-9df9bc9c0053-768x1024.jpg 768w, https:\/\/casadapazumuarama.org.br\/site\/wp-content\/uploads\/2022\/06\/60c5b4e0-9a23-4973-8eff-9df9bc9c0053-225x300.jpg 225w, https:\/\/casadapazumuarama.org.br\/site\/wp-content\/uploads\/2022\/06\/60c5b4e0-9a23-4973-8eff-9df9bc9c0053.jpg 960w\" sizes=\"auto, (max-width: 768px) 100vw, 768px\" \/><\/figure><\/li><li class=\"blocks-gallery-item\"><figure><img loading=\"lazy\" decoding=\"async\" width=\"576\" height=\"1024\" src=\"https:\/\/www.casadapazumuarama.org.br\/site\/wp-content\/uploads\/2022\/06\/b4687b7a-4cc0-4b8f-9d0e-fe161e6ef193-576x1024.jpg\" alt=\"\" data-id=\"699\" data-full-url=\"https:\/\/www.casadapazumuarama.org.br\/site\/wp-content\/uploads\/2022\/06\/b4687b7a-4cc0-4b8f-9d0e-fe161e6ef193.jpg\" data-link=\"https:\/\/www.casadapazumuarama.org.br\/site\/?attachment_id=699\" class=\"wp-image-699\" srcset=\"https:\/\/casadapazumuarama.org.br\/site\/wp-content\/uploads\/2022\/06\/b4687b7a-4cc0-4b8f-9d0e-fe161e6ef193-576x1024.jpg 576w, https:\/\/casadapazumuarama.org.br\/site\/wp-content\/uploads\/2022\/06\/b4687b7a-4cc0-4b8f-9d0e-fe161e6ef193-169x300.jpg 169w, https:\/\/casadapazumuarama.org.br\/site\/wp-content\/uploads\/2022\/06\/b4687b7a-4cc0-4b8f-9d0e-fe161e6ef193.jpg 720w\" sizes=\"auto, (max-width: 576px) 100vw, 576px\" \/><\/figure><\/li><li class=\"blocks-gallery-item\"><figure><img loading=\"lazy\" decoding=\"async\" width=\"576\" height=\"1024\" src=\"https:\/\/www.casadapazumuarama.org.br\/site\/wp-content\/uploads\/2022\/06\/28f6e671-95aa-456f-b1c2-5968dcc30294-576x1024.jpg\" alt=\"\" data-id=\"696\" data-full-url=\"https:\/\/www.casadapazumuarama.org.br\/site\/wp-content\/uploads\/2022\/06\/28f6e671-95aa-456f-b1c2-5968dcc30294.jpg\" data-link=\"https:\/\/www.casadapazumuarama.org.br\/site\/?attachment_id=696\" class=\"wp-image-696\" srcset=\"https:\/\/casadapazumuarama.org.br\/site\/wp-content\/uploads\/2022\/06\/28f6e671-95aa-456f-b1c2-5968dcc30294-576x1024.jpg 576w, https:\/\/casadapazumuarama.org.br\/site\/wp-content\/uploads\/2022\/06\/28f6e671-95aa-456f-b1c2-5968dcc30294-169x300.jpg 169w, https:\/\/casadapazumuarama.org.br\/site\/wp-content\/uploads\/2022\/06\/28f6e671-95aa-456f-b1c2-5968dcc30294.jpg 720w\" sizes=\"auto, (max-width: 576px) 100vw, 576px\" \/><\/figure><\/li><li class=\"blocks-gallery-item\"><figure><img loading=\"lazy\" decoding=\"async\" width=\"576\" height=\"1024\" src=\"https:\/\/www.casadapazumuarama.org.br\/site\/wp-content\/uploads\/2022\/06\/56cef0be-fefd-46b0-8d4a-b1f1e95faf0c-576x1024.jpg\" alt=\"\" data-id=\"697\" data-full-url=\"https:\/\/www.casadapazumuarama.org.br\/site\/wp-content\/uploads\/2022\/06\/56cef0be-fefd-46b0-8d4a-b1f1e95faf0c.jpg\" data-link=\"https:\/\/www.casadapazumuarama.org.br\/site\/?attachment_id=697\" class=\"wp-image-697\" srcset=\"https:\/\/casadapazumuarama.org.br\/site\/wp-content\/uploads\/2022\/06\/56cef0be-fefd-46b0-8d4a-b1f1e95faf0c-576x1024.jpg 576w, https:\/\/casadapazumuarama.org.br\/site\/wp-content\/uploads\/2022\/06\/56cef0be-fefd-46b0-8d4a-b1f1e95faf0c-169x300.jpg 169w, https:\/\/casadapazumuarama.org.br\/site\/wp-content\/uploads\/2022\/06\/56cef0be-fefd-46b0-8d4a-b1f1e95faf0c.jpg 720w\" sizes=\"auto, (max-width: 576px) 100vw, 576px\" \/><\/figure><\/li><\/ul><\/figure>\n","protected":false},"excerpt":{"rendered":"<p>A Casa da Paz organiza um Bazar Permanente Beneficente como uma das formas de arrecadar fundos para apoiar nossos programas e servi\u00e7os. Em nosso bazar, voc\u00ea encontrar\u00e1 uma variedade de itens novos e usados, incluindo roupas, acess\u00f3rios, livros, brinquedos e muito mais, tudo a pre\u00e7os acess\u00edveis. Como Funciona: Localiza\u00e7\u00e3o: O<a class=\"moretag\" href=\"https:\/\/casadapazumuarama.org.br\/site\/?page_id=2\"> Continue a ler<\/a><\/p>\n","protected":false},"author":1,"featured_media":1420,"parent":0,"menu_order":0,"comment_status":"closed","ping_status":"open","template":"","meta":{"footnotes":""},"class_list":["post-2","page","type-page","status-publish","has-post-thumbnail","hentry"],"_links":{"self":[{"href":"https:\/\/casadapazumuarama.org.br\/site\/index.php?rest_route=\/wp\/v2\/pages\/2","targetHints":{"allow":["GET"]}}],"collection":[{"href":"https:\/\/casadapazumuarama.org.br\/site\/index.php?rest_route=\/wp\/v2\/pages"}],"about":[{"href":"https:\/\/casadapazumuarama.org.br\/site\/index.php?rest_route=\/wp\/v2\/types\/page"}],"author":[{"embeddable":true,"href":"https:\/\/casadapazumuarama.org.br\/site\/index.php?rest_route=\/wp\/v2\/users\/1"}],"replies":[{"embeddable":true,"href":"https:\/\/casadapazumuarama.org.br\/site\/index.php?rest_route=%2Fwp%2Fv2%2Fcomments&post=2"}],"version-history":[{"count":8,"href":"https:\/\/casadapazumuarama.org.br\/site\/index.php?rest_route=\/wp\/v2\/pages\/2\/revisions"}],"predecessor-version":[{"id":1643,"href":"https:\/\/casadapazumuarama.org.br\/site\/index.php?rest_route=\/wp\/v2\/pages\/2\/revisions\/1643"}],"wp:featuredmedia":[{"embeddable":true,"href":"https:\/\/casadapazumuarama.org.br\/site\/index.php?rest_route=\/wp\/v2\/media\/1420"}],"wp:attachment":[{"href":"https:\/\/casadapazumuarama.org.br\/site\/index.php?rest_route=%2Fwp%2Fv2%2Fmedia&parent=2"}],"curies":[{"name":"wp","href":"https:\/\/api.w.org\/{rel}","templated":true}]}}