{"id":178,"date":"2020-08-21T15:51:22","date_gmt":"2020-08-21T18:51:22","guid":{"rendered":"https:\/\/www.casadapazumuarama.org.br\/site\/?page_id=178"},"modified":"2024-08-05T11:01:48","modified_gmt":"2024-08-05T14:01:48","slug":"seja-voluntario","status":"publish","type":"page","link":"https:\/\/casadapazumuarama.org.br\/site\/?page_id=178","title":{"rendered":"Como ajudar?"},"content":{"rendered":"\n<h3 class=\"has-background-color-color has-text-color wp-block-heading\"><strong>VOLUNTARIADO<\/strong><\/h3>\n\n\n\n<p class=\"has-background has-accent-background-color\">Seja um volunt\u00e1rio e ajude a fazer a diferen\u00e7a na vida de nossas crian\u00e7as e adolescentes. Descubra como voc\u00ea pode contribuir com seu tempo e habilidades.<\/p>\n\n\n\n<p>Atualmente, temos necessidade de volunt\u00e1rios nas seguintes \u00e1reas:<\/p>\n\n\n\n<div class=\"wp-block-group\"><div class=\"wp-block-group__inner-container is-layout-flow wp-block-group-is-layout-flow\">\n<ul class=\"wp-block-list\"><li>Audiovisual<\/li><li>Marketing<\/li><li>Programador Web designer<\/li><li>Captador de recursos<\/li><li>Oficineiro<\/li><li>Auxiliar de bazar<\/li><li>Atividades com as crian\u00e7as<\/li><li>Palestrante<\/li><li>Promo\u00e7\u00f5es e Eventos<\/li><\/ul>\n\n\n\n<figure class=\"wp-block-image size-large is-style-default\"><img loading=\"lazy\" decoding=\"async\" width=\"1024\" height=\"771\" src=\"http:\/\/casadapazumuarama.org.br\/site\/wp-content\/uploads\/2024\/04\/28e2d076-efb3-4a16-8b38-4fe1b4500c15-1024x771.jpeg\" alt=\"\" class=\"wp-image-1468\" srcset=\"https:\/\/casadapazumuarama.org.br\/site\/wp-content\/uploads\/2024\/04\/28e2d076-efb3-4a16-8b38-4fe1b4500c15-1024x771.jpeg 1024w, https:\/\/casadapazumuarama.org.br\/site\/wp-content\/uploads\/2024\/04\/28e2d076-efb3-4a16-8b38-4fe1b4500c15-300x226.jpeg 300w, https:\/\/casadapazumuarama.org.br\/site\/wp-content\/uploads\/2024\/04\/28e2d076-efb3-4a16-8b38-4fe1b4500c15-768x578.jpeg 768w, https:\/\/casadapazumuarama.org.br\/site\/wp-content\/uploads\/2024\/04\/28e2d076-efb3-4a16-8b38-4fe1b4500c15-1536x1156.jpeg 1536w, https:\/\/casadapazumuarama.org.br\/site\/wp-content\/uploads\/2024\/04\/28e2d076-efb3-4a16-8b38-4fe1b4500c15.jpeg 1600w\" sizes=\"auto, (max-width: 1024px) 100vw, 1024px\" \/><\/figure>\n<\/div><\/div>\n\n\n\n<p class=\"has-text-color has-background has-white-color has-background-color-background-color\">Fornecemos <strong>declara\u00e7\u00e3o, certificado<\/strong> de horas complementares caso voc\u00ea necessite para comprovar seu voluntariado.<\/p>\n\n\n\n<h3 class=\"has-background-color-color has-text-color wp-block-heading\"><strong>DOA\u00c7\u00d5ES<\/strong><\/h3>\n\n\n\n<p class=\"has-text-color has-background has-black-color has-accent-background-color\">Contribua com nossa miss\u00e3o atrav\u00e9s de doa\u00e7\u00f5es financeiras ou materiais. Cada contribui\u00e7\u00e3o ajuda a oferecer suporte essencial, como uniformes, material escolar e alimenta\u00e7\u00e3o de qualidade para nossos jovens.<\/p>\n\n\n\n<div class=\"wp-block-buttons aligncenter is-layout-flex wp-block-buttons-is-layout-flex\">\n<div class=\"wp-block-button is-style-fill\"><a class=\"wp-block-button__link has-background has-background-color-background-color\" href=\"https:\/\/www.gerarpix.com.br\/pix?code=lVlp_SOTuGz4xnyizQs0NpD-8GBTv34T5scHsnUxaLpSotq6ibk13rj2h4JVh_woRKXtYUSBc4yIVk6XEDc4DPcJYV1YB42JqRBmfKMqeWQP5LUzC7PigRqcCzUed_SyJ8_weJeAz9B528FU7-Vno7EBycUH3D68vCfiFdW1GRRcLDvSOTy4GsDoAftnCmMV-urBuHzhe2VpAmDSqbZAv6hts4Q6LD4FiMkj3YI\" target=\"_blank\" rel=\"noreferrer noopener\">FA\u00c7A UMA DOA\u00c7\u00c3O<\/a><\/div>\n<\/div>\n\n\n\n<p class=\"has-text-color has-background has-white-color has-background-color-background-color\">Voc\u00ea pode fazer uma doa\u00e7\u00e3o \u00fanica ou se tornar um doador mensal.<\/p>\n\n\n\n<p><\/p>\n\n\n\n<h3 class=\"has-background-color-color has-text-color wp-block-heading\"><strong>PARCERIAS E PATROC\u00cdNIOS<\/strong><\/h3>\n\n\n\n<p>Empresas e organiza\u00e7\u00f5es podem colaborar com nossa causa por meio de <strong>parcerias<\/strong> e<strong> patroc\u00ednios<\/strong>.<\/p>\n\n\n\n<p class=\"has-text-color has-background has-black-color has-accent-background-color\"> Sua empresa pode ajudar a <strong>promover eventos<\/strong>, <strong>fornecer recursos <\/strong>ou <strong>apoiar projetos espec\u00edficos<\/strong>. <strong>Apoio em Eventos:<\/strong> Participe dos nossos eventos e ajude a divulgar nossa causa. Sua presen\u00e7a e apoio s\u00e3o fundamentais para o sucesso de nossas iniciativas e para aumentar a conscientiza\u00e7\u00e3o sobre noso trabalho.<\/p>\n\n\n\n<p>Se interessou? Ent\u00e3o n\u00e3o perca tempo, venha contribuir com a gente! Entre em contato conosco, pelos nossos canais de comunica\u00e7\u00e3o que est\u00e3o dispon\u00edveis no menu <a rel=\"noreferrer noopener\" href=\"https:\/\/www.casadapazumuarama.org.br\/site\/?page_id=35\" target=\"_blank\">FALE CONOSCO<\/a>.<\/p>\n","protected":false},"excerpt":{"rendered":"<p>VOLUNTARIADO Seja um volunt\u00e1rio e ajude a fazer a diferen\u00e7a na vida de nossas crian\u00e7as e adolescentes. Descubra como voc\u00ea pode contribuir com seu tempo e habilidades. Atualmente, temos necessidade de volunt\u00e1rios nas seguintes \u00e1reas: Audiovisual Marketing Programador Web designer Captador de recursos Oficineiro Auxiliar de bazar Atividades com as<a class=\"moretag\" href=\"https:\/\/casadapazumuarama.org.br\/site\/?page_id=178\"> Continue a ler<\/a><\/p>\n","protected":false},"author":1,"featured_media":1554,"parent":0,"menu_order":0,"comment_status":"closed","ping_status":"closed","template":"","meta":{"footnotes":""},"class_list":["post-178","page","type-page","status-publish","has-post-thumbnail","hentry"],"_links":{"self":[{"href":"https:\/\/casadapazumuarama.org.br\/site\/index.php?rest_route=\/wp\/v2\/pages\/178","targetHints":{"allow":["GET"]}}],"collection":[{"href":"https:\/\/casadapazumuarama.org.br\/site\/index.php?rest_route=\/wp\/v2\/pages"}],"about":[{"href":"https:\/\/casadapazumuarama.org.br\/site\/index.php?rest_route=\/wp\/v2\/types\/page"}],"author":[{"embeddable":true,"href":"https:\/\/casadapazumuarama.org.br\/site\/index.php?rest_route=\/wp\/v2\/users\/1"}],"replies":[{"embeddable":true,"href":"https:\/\/casadapazumuarama.org.br\/site\/index.php?rest_route=%2Fwp%2Fv2%2Fcomments&post=178"}],"version-history":[{"count":16,"href":"https:\/\/casadapazumuarama.org.br\/site\/index.php?rest_route=\/wp\/v2\/pages\/178\/revisions"}],"predecessor-version":[{"id":1627,"href":"https:\/\/casadapazumuarama.org.br\/site\/index.php?rest_route=\/wp\/v2\/pages\/178\/revisions\/1627"}],"wp:featuredmedia":[{"embeddable":true,"href":"https:\/\/casadapazumuarama.org.br\/site\/index.php?rest_route=\/wp\/v2\/media\/1554"}],"wp:attachment":[{"href":"https:\/\/casadapazumuarama.org.br\/site\/index.php?rest_route=%2Fwp%2Fv2%2Fmedia&parent=178"}],"curies":[{"name":"wp","href":"https:\/\/api.w.org\/{rel}","templated":true}]}}